{"id":2758,"date":"2021-11-23T13:02:15","date_gmt":"2021-11-23T13:02:15","guid":{"rendered":"https:\/\/coppola.qodeinteractive.com\/?page_id=2758"},"modified":"2026-01-18T13:10:58","modified_gmt":"2026-01-18T13:10:58","slug":"about-me","status":"publish","type":"page","link":"https:\/\/fixpointcompany.com\/fr\/about-me\/","title":{"rendered":"About Me"},"content":{"rendered":"<div data-elementor-type=\"wp-page\" data-elementor-id=\"2758\" class=\"elementor elementor-2758\">\n\t\t\t\t\t\t<section class=\"elementor-section elementor-top-section elementor-element elementor-element-907ce92 elementor-section-full_width elementor-section-height-default elementor-section-height-default wpr-particle-no wpr-jarallax-no wpr-parallax-no wpr-sticky-section-no wpr-equal-height-no qodef-elementor-content-no\" data-id=\"907ce92\" data-element_type=\"section\" data-e-type=\"section\" data-settings=\"{&quot;background_background&quot;:&quot;classic&quot;}\">\n\t\t\t\t\t\t<div class=\"elementor-container elementor-column-gap-default\">\n\t\t\t\t\t<div class=\"elementor-column elementor-col-50 elementor-top-column elementor-element elementor-element-5b2f285\" data-id=\"5b2f285\" data-element_type=\"column\" data-e-type=\"column\">\n\t\t\t<div class=\"elementor-widget-wrap elementor-element-populated\">\n\t\t\t\t\t\t<div class=\"elementor-element elementor-element-8dc8fe5 elementor-widget elementor-widget-coppola_core_section_title\" data-id=\"8dc8fe5\" data-element_type=\"widget\" data-e-type=\"widget\" data-widget_type=\"coppola_core_section_title.default\">\n\t\t\t\t<div class=\"elementor-widget-container\">\n\t\t\t\t\t<div class=\"qodef-shortcode qodef-m qodef-section-title qodef-alignment--left\">\n\t\t\t<h1 class=\"qodef-m-title\" style=\"color: #FFFFFF\">\n\t\t\t\t\tEirini <span class=\"qodef-e-custom-color\" style=\"color: #EAA57F\">Patoura<\/span>\t\t\t<\/h1>\n\t\t<\/div>\n\t\t\t\t<\/div>\n\t\t\t\t<\/div>\n\t\t\t\t<div class=\"elementor-element elementor-element-dc2c3e7 elementor-widget__width-inherit elementor-widget elementor-widget-text-editor\" data-id=\"dc2c3e7\" data-element_type=\"widget\" data-e-type=\"widget\" data-widget_type=\"text-editor.default\">\n\t\t\t\t\t\t\t\t\t<p>Eirini Patoura is a director, performer, puppeteer, clown and educator working across theatre, opera, visual performance and pedagogy. Her practice sits at the intersection of movement, object, image and silence\u2014where bodies, materials and space speak before words. Born in Greece and based in Paris, she works internationally across Europe, Asia and Australia.<br \/>After studying theatre and contemporary dance in Athens, Eirini moved to Paris in 2011, where she completed her training at \u00c9cole Jacques Lecoq (2011\u20132013). There, she developed a physical language rooted in play, rhythm and transformation\u2014an approach that continues to shape her artistic and pedagogical work. Her professional trajectory has been shaped through long-term collaborations and intensive research with leading European figures in puppetry, physical theatre, masks and movement, including Philippe Genty, Jean-Louis Heckel, Eric Bass, Stefano Perocco, Thomas Leabhart, Wim Vandekeybus and Peter Brook.<br \/>Her work explores fragility, humour and resistance\u2014often through puppetry, clowning and visual dramaturgy\u2014creating performances that move between the intimate and the epic. Eirini has performed and created for national theatres, opera houses, international festivals, refugee camps and public spaces across Europe, Asia and the UK.<br \/>As a director and performer, she collaborates with companies such as World Wide Lab, La Cooperative, Anima Th\u00e9\u00e2tre, and FixPoint Company, and has worked under directors including Johanny Bert and Emmanuel Demarcy-Mota. Her recent and ongoing projects include touring productions presented at National Theatres and Operas in France and Greece.<br \/>Alongside her artistic work, Eirini is deeply engaged in transmission. Since 2016, she has been teaching and designing pedagogical programs, working with conservatoires and institutions such as Th\u00e9\u00e2tre de la Ville de Paris, \u00c9cole de Th\u00e9\u00e2tre Candela, and the National University of the Arts in Taipei. Her workshops focus on physical presence, imagination, object manipulation, clown, bouffon and collective creation.<br \/>In 2020, she founded FixPoint Company, a platform for creation, research and education in contemporary physical and visual theatre. Through FixPoint, she continues to develop original works while expanding international workshops, artistic collaborations and educational programs.<br \/>Today, Eirini\u2019s practice extends internationally, between Paris and Australia.<\/p>\t\t\t\t\t\t\t\t<\/div>\n\t\t\t\t<section class=\"elementor-section elementor-inner-section elementor-element elementor-element-d3cfada elementor-section-full_width elementor-section-height-default elementor-section-height-default wpr-particle-no wpr-jarallax-no wpr-parallax-no wpr-sticky-section-no wpr-equal-height-no qodef-elementor-content-no\" data-id=\"d3cfada\" data-element_type=\"section\" data-e-type=\"section\">\n\t\t\t\t\t\t<div class=\"elementor-container elementor-column-gap-default\">\n\t\t\t\t\t<div class=\"elementor-column elementor-col-33 elementor-inner-column elementor-element elementor-element-71de09a\" data-id=\"71de09a\" data-element_type=\"column\" data-e-type=\"column\">\n\t\t\t<div class=\"elementor-widget-wrap elementor-element-populated\">\n\t\t\t\t\t\t<div class=\"elementor-element elementor-element-37604e9 elementor-widget elementor-widget-text-editor\" data-id=\"37604e9\" data-element_type=\"widget\" data-e-type=\"widget\" data-widget_type=\"text-editor.default\">\n\t\t\t\t\t\t\t\t\t<span style=\"color: #ffffff;\">EDUCATION :<br>\u00c9cole Jacques Lecoq (2011\u20132013)\n<\/span>\t\t\t\t\t\t\t\t<\/div>\n\t\t\t\t<div class=\"elementor-element elementor-element-5edd3ad elementor-widget elementor-widget-text-editor\" data-id=\"5edd3ad\" data-element_type=\"widget\" data-e-type=\"widget\" data-widget_type=\"text-editor.default\">\n\t\t\t\t\t\t\t\t\t<p><span style=\"color: #ffffff;\">PRACTICE:<br \/>Physical Theatre \u00b7 Puppetry \u00b7 Clown<br \/><\/span><\/p>\t\t\t\t\t\t\t\t<\/div>\n\t\t\t\t\t<\/div>\n\t\t<\/div>\n\t\t\t\t<div class=\"elementor-column elementor-col-33 elementor-inner-column elementor-element elementor-element-9cdd7aa\" data-id=\"9cdd7aa\" data-element_type=\"column\" data-e-type=\"column\">\n\t\t\t<div class=\"elementor-widget-wrap\">\n\t\t\t\t\t\t\t<\/div>\n\t\t<\/div>\n\t\t\t\t<div class=\"elementor-column elementor-col-33 elementor-inner-column elementor-element elementor-element-ab21fdf elementor-hidden-tablet\" data-id=\"ab21fdf\" data-element_type=\"column\" data-e-type=\"column\">\n\t\t\t<div class=\"elementor-widget-wrap elementor-element-populated\">\n\t\t\t\t\t\t<div class=\"elementor-element elementor-element-eadc95e elementor-widget elementor-widget-text-editor\" data-id=\"eadc95e\" data-element_type=\"widget\" data-e-type=\"widget\" data-widget_type=\"text-editor.default\">\n\t\t\t\t\t\t\t\t\t<span style=\"color: #ffffff;\">CALL : <a class=\"qodef-hover-link\" style=\"color: #ffffff;\" href=\"tel:+33 643329824\"><br>+33 643329824<\/a><\/span>\t\t\t\t\t\t\t\t<\/div>\n\t\t\t\t<div class=\"elementor-element elementor-element-0d3ffd8 elementor-widget elementor-widget-text-editor\" data-id=\"0d3ffd8\" data-element_type=\"widget\" data-e-type=\"widget\" data-widget_type=\"text-editor.default\">\n\t\t\t\t\t\t\t\t\t<p><span style=\"color: #ffffff;\">BASED IN:<br \/><a class=\"qodef-hover-link\" style=\"color: #ffffff;\" target=\"_blank\" rel=\"noopener noreferrer\"> Paris &amp; Australia<br \/><\/a><\/span><\/p>\t\t\t\t\t\t\t\t<\/div>\n\t\t\t\t\t<\/div>\n\t\t<\/div>\n\t\t\t\t\t<\/div>\n\t\t<\/section>\n\t\t\t\t\t<\/div>\n\t\t<\/div>\n\t\t\t\t<div class=\"elementor-column elementor-col-50 elementor-top-column elementor-element elementor-element-87861d4\" data-id=\"87861d4\" data-element_type=\"column\" data-e-type=\"column\">\n\t\t\t<div class=\"elementor-widget-wrap\">\n\t\t\t\t\t\t\t<\/div>\n\t\t<\/div>\n\t\t\t\t\t<\/div>\n\t\t<\/section>\n\t\t\t\t<section class=\"elementor-section elementor-top-section elementor-element elementor-element-3538a57 elementor-section-full_width elementor-section-height-default elementor-section-height-default wpr-particle-no wpr-jarallax-no wpr-parallax-no wpr-sticky-section-no wpr-equal-height-no qodef-elementor-content-no\" data-id=\"3538a57\" data-element_type=\"section\" data-e-type=\"section\">\n\t\t\t\t\t\t<div class=\"elementor-container elementor-column-gap-no\">\n\t\t\t\t\t<div class=\"elementor-column elementor-col-100 elementor-top-column elementor-element elementor-element-2c6905a\" data-id=\"2c6905a\" data-element_type=\"column\" data-e-type=\"column\">\n\t\t\t<div class=\"elementor-widget-wrap elementor-element-populated\">\n\t\t\t\t\t\t<div class=\"elementor-element elementor-element-e454c9f elementor-widget elementor-widget-coppola_core_section_title\" data-id=\"e454c9f\" data-element_type=\"widget\" data-e-type=\"widget\" data-widget_type=\"coppola_core_section_title.default\">\n\t\t\t\t<div class=\"elementor-widget-container\">\n\t\t\t\t\t<div class=\"qodef-shortcode qodef-m qodef-section-title qodef-alignment--left\">\n\t\t\t<h5 class=\"qodef-m-title\" style=\"color: #FFFFFF\">\n\t\t\t\t\tCreations &amp; Collaborations\t\t\t<\/h5>\n\t\t<\/div>\n\t\t\t\t<\/div>\n\t\t\t\t<\/div>\n\t\t\t\t<div class=\"elementor-element elementor-element-712cac9 elementor-widget__width-inherit elementor-arrows-position-outside elementor-pagination-position-outside elementor-widget elementor-widget-image-carousel\" data-id=\"712cac9\" data-element_type=\"widget\" data-e-type=\"widget\" data-settings=\"{&quot;slides_to_show&quot;:&quot;4&quot;,&quot;image_spacing_custom&quot;:{&quot;unit&quot;:&quot;px&quot;,&quot;size&quot;:26,&quot;sizes&quot;:[]},&quot;navigation&quot;:&quot;both&quot;,&quot;autoplay&quot;:&quot;yes&quot;,&quot;pause_on_hover&quot;:&quot;yes&quot;,&quot;pause_on_interaction&quot;:&quot;yes&quot;,&quot;autoplay_speed&quot;:5000,&quot;infinite&quot;:&quot;yes&quot;,&quot;speed&quot;:500,&quot;image_spacing_custom_tablet&quot;:{&quot;unit&quot;:&quot;px&quot;,&quot;size&quot;:&quot;&quot;,&quot;sizes&quot;:[]},&quot;image_spacing_custom_mobile&quot;:{&quot;unit&quot;:&quot;px&quot;,&quot;size&quot;:&quot;&quot;,&quot;sizes&quot;:[]}}\" data-widget_type=\"image-carousel.default\">\n\t\t\t\t\t\t\t<div class=\"elementor-image-carousel-wrapper swiper\" role=\"region\" aria-roledescription=\"carousel\" aria-label=\"Image Carousel\" dir=\"ltr\">\n\t\t\t<div class=\"elementor-image-carousel swiper-wrapper\" aria-live=\"off\">\n\t\t\t\t\t\t\t\t<div class=\"swiper-slide\" role=\"group\" aria-roledescription=\"slide\" aria-label=\"1 of 14\"><figure class=\"swiper-slide-inner\"><img decoding=\"async\" class=\"swiper-slide-image\" src=\"https:\/\/fixpointcompany.com\/wp-content\/uploads\/2026\/01\/1-5-768x480.png\" alt=\"1\" \/><\/figure><\/div><div class=\"swiper-slide\" role=\"group\" aria-roledescription=\"slide\" aria-label=\"2 of 14\"><figure class=\"swiper-slide-inner\"><img decoding=\"async\" class=\"swiper-slide-image\" src=\"https:\/\/fixpointcompany.com\/wp-content\/uploads\/2026\/01\/2-6-768x480.png\" alt=\"2\" \/><\/figure><\/div><div class=\"swiper-slide\" role=\"group\" aria-roledescription=\"slide\" aria-label=\"3 of 14\"><figure class=\"swiper-slide-inner\"><img decoding=\"async\" class=\"swiper-slide-image\" src=\"https:\/\/fixpointcompany.com\/wp-content\/uploads\/2026\/01\/4-4-768x480.png\" alt=\"4\" \/><\/figure><\/div><div class=\"swiper-slide\" role=\"group\" aria-roledescription=\"slide\" aria-label=\"4 of 14\"><figure class=\"swiper-slide-inner\"><img decoding=\"async\" class=\"swiper-slide-image\" src=\"https:\/\/fixpointcompany.com\/wp-content\/uploads\/2026\/01\/5-2-768x480.png\" alt=\"5\" \/><\/figure><\/div><div class=\"swiper-slide\" role=\"group\" aria-roledescription=\"slide\" aria-label=\"5 of 14\"><figure class=\"swiper-slide-inner\"><img decoding=\"async\" class=\"swiper-slide-image\" src=\"https:\/\/fixpointcompany.com\/wp-content\/uploads\/2026\/01\/6-1-768x480.png\" alt=\"6\" \/><\/figure><\/div><div class=\"swiper-slide\" role=\"group\" aria-roledescription=\"slide\" aria-label=\"6 of 14\"><figure class=\"swiper-slide-inner\"><img decoding=\"async\" class=\"swiper-slide-image\" src=\"https:\/\/fixpointcompany.com\/wp-content\/uploads\/2026\/01\/7-1-768x480.png\" alt=\"7\" \/><\/figure><\/div><div class=\"swiper-slide\" role=\"group\" aria-roledescription=\"slide\" aria-label=\"7 of 14\"><figure class=\"swiper-slide-inner\"><img decoding=\"async\" class=\"swiper-slide-image\" src=\"https:\/\/fixpointcompany.com\/wp-content\/uploads\/2026\/01\/8-1-768x480.png\" alt=\"8\" \/><\/figure><\/div><div class=\"swiper-slide\" role=\"group\" aria-roledescription=\"slide\" aria-label=\"8 of 14\"><figure class=\"swiper-slide-inner\"><img decoding=\"async\" class=\"swiper-slide-image\" src=\"https:\/\/fixpointcompany.com\/wp-content\/uploads\/2026\/01\/9-768x480.png\" alt=\"9\" \/><\/figure><\/div><div class=\"swiper-slide\" role=\"group\" aria-roledescription=\"slide\" aria-label=\"9 of 14\"><figure class=\"swiper-slide-inner\"><img decoding=\"async\" class=\"swiper-slide-image\" src=\"https:\/\/fixpointcompany.com\/wp-content\/uploads\/2026\/01\/10-768x480.png\" alt=\"10\" \/><\/figure><\/div><div class=\"swiper-slide\" role=\"group\" aria-roledescription=\"slide\" aria-label=\"10 of 14\"><figure class=\"swiper-slide-inner\"><img decoding=\"async\" class=\"swiper-slide-image\" src=\"https:\/\/fixpointcompany.com\/wp-content\/uploads\/2026\/01\/11-768x480.png\" alt=\"11\" \/><\/figure><\/div><div class=\"swiper-slide\" role=\"group\" aria-roledescription=\"slide\" aria-label=\"11 of 14\"><figure class=\"swiper-slide-inner\"><img decoding=\"async\" class=\"swiper-slide-image\" src=\"https:\/\/fixpointcompany.com\/wp-content\/uploads\/2026\/01\/12-768x480.png\" alt=\"12\" \/><\/figure><\/div><div class=\"swiper-slide\" role=\"group\" aria-roledescription=\"slide\" aria-label=\"12 of 14\"><figure class=\"swiper-slide-inner\"><img decoding=\"async\" class=\"swiper-slide-image\" src=\"https:\/\/fixpointcompany.com\/wp-content\/uploads\/2026\/01\/13-768x480.png\" alt=\"13\" \/><\/figure><\/div><div class=\"swiper-slide\" role=\"group\" aria-roledescription=\"slide\" aria-label=\"13 of 14\"><figure class=\"swiper-slide-inner\"><img decoding=\"async\" class=\"swiper-slide-image\" src=\"https:\/\/fixpointcompany.com\/wp-content\/uploads\/2026\/01\/14-768x480.png\" alt=\"14\" \/><\/figure><\/div><div class=\"swiper-slide\" role=\"group\" aria-roledescription=\"slide\" aria-label=\"14 of 14\"><figure class=\"swiper-slide-inner\"><img decoding=\"async\" class=\"swiper-slide-image\" src=\"https:\/\/fixpointcompany.com\/wp-content\/uploads\/2026\/01\/15-768x480.png\" alt=\"15\" \/><\/figure><\/div>\t\t\t<\/div>\n\t\t\t\t\t\t\t\t\t\t\t\t<div class=\"elementor-swiper-button elementor-swiper-button-prev\" role=\"button\" tabindex=\"0\">\n\t\t\t\t\t\t<svg aria-hidden=\"true\" class=\"e-font-icon-svg e-eicon-chevron-left\" viewbox=\"0 0 1000 1000\" xmlns=\"http:\/\/www.w3.org\/2000\/svg\"><path d=\"M646 125C629 125 613 133 604 142L308 442C296 454 292 471 292 487 292 504 296 521 308 533L604 854C617 867 629 875 646 875 663 875 679 871 692 858 704 846 713 829 713 812 713 796 708 779 692 767L438 487 692 225C700 217 708 204 708 187 708 171 704 154 692 142 675 129 663 125 646 125Z\"><\/path><\/svg>\t\t\t\t\t<\/div>\n\t\t\t\t\t<div class=\"elementor-swiper-button elementor-swiper-button-next\" role=\"button\" tabindex=\"0\">\n\t\t\t\t\t\t<svg aria-hidden=\"true\" class=\"e-font-icon-svg e-eicon-chevron-right\" viewbox=\"0 0 1000 1000\" xmlns=\"http:\/\/www.w3.org\/2000\/svg\"><path d=\"M696 533C708 521 713 504 713 487 713 471 708 454 696 446L400 146C388 133 375 125 354 125 338 125 325 129 313 142 300 154 292 171 292 187 292 204 296 221 308 233L563 492 304 771C292 783 288 800 288 817 288 833 296 850 308 863 321 871 338 875 354 875 371 875 388 867 400 854L696 533Z\"><\/path><\/svg>\t\t\t\t\t<\/div>\n\t\t\t\t\n\t\t\t\t\t\t\t\t\t<div class=\"swiper-pagination\"><\/div>\n\t\t\t\t\t\t\t\t\t<\/div>\n\t\t\t\t\t\t<\/div>\n\t\t\t\t\t<\/div>\n\t\t<\/div>\n\t\t\t\t\t<\/div>\n\t\t<\/section>\n\t\t\t\t<section class=\"elementor-section elementor-top-section elementor-element elementor-element-22122cd elementor-section-full_width elementor-section-height-default elementor-section-height-default wpr-particle-no wpr-jarallax-no wpr-parallax-no wpr-sticky-section-no wpr-equal-height-no qodef-elementor-content-no\" data-id=\"22122cd\" data-element_type=\"section\" data-e-type=\"section\">\n\t\t\t\t\t\t<div class=\"elementor-container elementor-column-gap-default\">\n\t\t\t\t\t<div class=\"elementor-column elementor-col-100 elementor-top-column elementor-element elementor-element-cceef9f\" data-id=\"cceef9f\" data-element_type=\"column\" data-e-type=\"column\">\n\t\t\t<div class=\"elementor-widget-wrap elementor-element-populated\">\n\t\t\t\t\t\t<section class=\"elementor-section elementor-inner-section elementor-element elementor-element-e4d0376 elementor-section-full_width elementor-section-height-default elementor-section-height-default wpr-particle-no wpr-jarallax-no wpr-parallax-no wpr-sticky-section-no wpr-equal-height-no qodef-elementor-content-no\" data-id=\"e4d0376\" data-element_type=\"section\" data-e-type=\"section\">\n\t\t\t\t\t\t<div class=\"elementor-container elementor-column-gap-default\">\n\t\t\t\t\t<div class=\"elementor-column elementor-col-20 elementor-inner-column elementor-element elementor-element-17745a7\" data-id=\"17745a7\" data-element_type=\"column\" data-e-type=\"column\">\n\t\t\t<div class=\"elementor-widget-wrap elementor-element-populated\">\n\t\t\t\t\t\t<div class=\"elementor-element elementor-element-39c2294 elementor-widget elementor-widget-text-editor\" data-id=\"39c2294\" data-element_type=\"widget\" data-e-type=\"widget\" data-widget_type=\"text-editor.default\">\n\t\t\t\t\t\t\t\t\t<h5><span style=\"color: #ffffff;\">SELECTED COLLABORATIONS<br \/><\/span><\/h5>\t\t\t\t\t\t\t\t<\/div>\n\t\t\t\t<div class=\"elementor-element elementor-element-5578057 elementor-widget elementor-widget-coppola_core_icon_list_item\" data-id=\"5578057\" data-element_type=\"widget\" data-e-type=\"widget\" data-widget_type=\"coppola_core_icon_list_item.default\">\n\t\t\t\t<div class=\"elementor-widget-container\">\n\t\t\t\t\t<div class=\"qodef-icon-list-item qodef-icon--icon-pack qodef-icon--underline\" >\n\t<p class=\"qodef-e-title\" style=\"color: #FFFFFF\">\n\t\t\t\t\t<span class=\"qodef-e-title-inner\">\n\t\t\t\t\t\t\t\t<span class=\"qodef-e-title-text\">Th\u00e9\u00e2tre de la Ville de Paris<\/span>\n\t\t\t<\/span>\n\t\t\t<\/p>\n<\/div>\n\t\t\t\t<\/div>\n\t\t\t\t<\/div>\n\t\t\t\t<div class=\"elementor-element elementor-element-57c46d9 elementor-widget elementor-widget-coppola_core_icon_list_item\" data-id=\"57c46d9\" data-element_type=\"widget\" data-e-type=\"widget\" data-widget_type=\"coppola_core_icon_list_item.default\">\n\t\t\t\t<div class=\"elementor-widget-container\">\n\t\t\t\t\t<div class=\"qodef-icon-list-item qodef-icon--icon-pack qodef-icon--underline\" >\n\t<p class=\"qodef-e-title\" style=\"color: #FFFFFF\">\n\t\t\t\t\t<span class=\"qodef-e-title-inner\">\n\t\t\t\t\t\t\t\t<span class=\"qodef-e-title-text\">La Cooperative<\/span>\n\t\t\t<\/span>\n\t\t\t<\/p>\n<\/div>\n\t\t\t\t<\/div>\n\t\t\t\t<\/div>\n\t\t\t\t<div class=\"elementor-element elementor-element-f5c2dd5 elementor-widget elementor-widget-coppola_core_icon_list_item\" data-id=\"f5c2dd5\" data-element_type=\"widget\" data-e-type=\"widget\" data-widget_type=\"coppola_core_icon_list_item.default\">\n\t\t\t\t<div class=\"elementor-widget-container\">\n\t\t\t\t\t<div class=\"qodef-icon-list-item qodef-icon--icon-pack qodef-icon--underline\" >\n\t<p class=\"qodef-e-title\" style=\"color: #FFFFFF\">\n\t\t\t\t\t<span class=\"qodef-e-title-inner\">\n\t\t\t\t\t\t\t\t<span class=\"qodef-e-title-text\">World Wide Lab<\/span>\n\t\t\t<\/span>\n\t\t\t<\/p>\n<\/div>\n\t\t\t\t<\/div>\n\t\t\t\t<\/div>\n\t\t\t\t<div class=\"elementor-element elementor-element-2caaae9 elementor-widget elementor-widget-coppola_core_icon_list_item\" data-id=\"2caaae9\" data-element_type=\"widget\" data-e-type=\"widget\" data-widget_type=\"coppola_core_icon_list_item.default\">\n\t\t\t\t<div class=\"elementor-widget-container\">\n\t\t\t\t\t<div class=\"qodef-icon-list-item qodef-icon--icon-pack qodef-icon--underline\" >\n\t<p class=\"qodef-e-title\" style=\"color: #FFFFFF\">\n\t\t\t\t\t<span class=\"qodef-e-title-inner\">\n\t\t\t\t\t\t\t\t<span class=\"qodef-e-title-text\">Anima Th\u00e9\u00e2tre<\/span>\n\t\t\t<\/span>\n\t\t\t<\/p>\n<\/div>\n\t\t\t\t<\/div>\n\t\t\t\t<\/div>\n\t\t\t\t\t<\/div>\n\t\t<\/div>\n\t\t\t\t<div class=\"elementor-column elementor-col-20 elementor-inner-column elementor-element elementor-element-6b4a05d\" data-id=\"6b4a05d\" data-element_type=\"column\" data-e-type=\"column\">\n\t\t\t<div class=\"elementor-widget-wrap\">\n\t\t\t\t\t\t\t<\/div>\n\t\t<\/div>\n\t\t\t\t<div class=\"elementor-column elementor-col-20 elementor-inner-column elementor-element elementor-element-b54a17f\" data-id=\"b54a17f\" data-element_type=\"column\" data-e-type=\"column\">\n\t\t\t<div class=\"elementor-widget-wrap\">\n\t\t\t\t\t\t\t<\/div>\n\t\t<\/div>\n\t\t\t\t<div class=\"elementor-column elementor-col-20 elementor-inner-column elementor-element elementor-element-189172c\" data-id=\"189172c\" data-element_type=\"column\" data-e-type=\"column\">\n\t\t\t<div class=\"elementor-widget-wrap\">\n\t\t\t\t\t\t\t<\/div>\n\t\t<\/div>\n\t\t\t\t<div class=\"elementor-column elementor-col-20 elementor-inner-column elementor-element elementor-element-21ae3cf\" data-id=\"21ae3cf\" data-element_type=\"column\" data-e-type=\"column\">\n\t\t\t<div class=\"elementor-widget-wrap\">\n\t\t\t\t\t\t\t<\/div>\n\t\t<\/div>\n\t\t\t\t\t<\/div>\n\t\t<\/section>\n\t\t\t\t<div class=\"elementor-element elementor-element-478ce51 elementor-widget elementor-widget-coppola_core_icon_list_item\" data-id=\"478ce51\" data-element_type=\"widget\" data-e-type=\"widget\" data-widget_type=\"coppola_core_icon_list_item.default\">\n\t\t\t\t<div class=\"elementor-widget-container\">\n\t\t\t\t\t<div class=\"qodef-icon-list-item qodef-icon--icon-pack qodef-icon--underline\" >\n\t<p class=\"qodef-e-title\" style=\"color: #FFFFFF\">\n\t\t\t\t\t<span class=\"qodef-e-title-inner\">\n\t\t\t\t\t\t\t\t<span class=\"qodef-e-title-text\">National Theatres &amp; Operas (France, Greece)<\/span>\n\t\t\t<\/span>\n\t\t\t<\/p>\n<\/div>\n\t\t\t\t<\/div>\n\t\t\t\t<\/div>\n\t\t\t\t\t<\/div>\n\t\t<\/div>\n\t\t\t\t\t<\/div>\n\t\t<\/section>\n\t\t\t\t<\/div>","protected":false},"excerpt":{"rendered":"<p>Eirini Patoura Eirini Patoura is a director, performer, puppeteer, clown and educator working across theatre, opera, visual performance and pedagogy. Her practice sits at the intersection of movement, object, image and silence\u2014where bodies, materials and space speak before words. Born in Greece and based in Paris, she works internationally across Europe, Asia and Australia. After studying theatre and contemporary dance in Athens, Eirini moved to Paris in 2011, where she completed her training at \u00c9cole Jacques Lecoq (2011\u20132013). There, she developed a physical language rooted in play, rhythm and transformation\u2014an approach that continues to shape her artistic and pedagogical work. Her professional trajectory has been shaped through long-term collaborations and intensive research with leading European figures in puppetry, physical theatre, masks and movement, including Philippe Genty, Jean-Louis Heckel, Eric Bass, Stefano Perocco, Thomas Leabhart, Wim Vandekeybus and Peter Brook. Her work explores fragility, humour and resistance\u2014often through puppetry, clowning and visual dramaturgy\u2014creating performances that move between the intimate and the epic. Eirini has performed and created for national theatres, opera houses, international festivals, refugee camps and public spaces across Europe, Asia and the UK. As a director and performer, she collaborates with companies such as World Wide Lab, La Cooperative, Anima Th\u00e9\u00e2tre, and FixPoint Company, and has worked under directors including Johanny Bert and Emmanuel Demarcy-Mota. Her recent and ongoing projects include touring productions presented at National Theatres and Operas in France and Greece. Alongside her artistic work, Eirini is deeply engaged in transmission. Since 2016, she has been teaching and designing pedagogical programs, working with conservatoires and institutions such as Th\u00e9\u00e2tre de la Ville de Paris, \u00c9cole de Th\u00e9\u00e2tre Candela, and the National University of the Arts in Taipei. Her workshops focus on physical presence, imagination, object manipulation, clown, bouffon and collective creation. In 2020, she founded FixPoint Company, a platform for creation, research and education in contemporary physical and visual theatre. Through FixPoint, she continues to develop original works while expanding international workshops, artistic collaborations and educational programs. Today, Eirini\u2019s practice extends internationally, between Paris and Australia. EDUCATION : \u00c9cole Jacques Lecoq (2011\u20132013) PRACTICE: Physical Theatre \u00b7 Puppetry \u00b7 Clown CALL : +33 643329824 BASED IN: Paris &amp; Australia Creations &amp; Collaborations &nbsp; SELECTED COLLABORATIONS Th\u00e9\u00e2tre de la Ville de Paris La Cooperative World Wide Lab Anima Th\u00e9\u00e2tre National Theatres &amp; Operas (France, Greece)<\/p>","protected":false},"author":1,"featured_media":0,"parent":0,"menu_order":0,"comment_status":"closed","ping_status":"closed","template":"page-full-width.php","meta":{"footnotes":""},"class_list":["post-2758","page","type-page","status-publish","hentry"],"_hostinger_reach_plugin_has_subscription_block":false,"_hostinger_reach_plugin_is_elementor":false,"_links":{"self":[{"href":"https:\/\/fixpointcompany.com\/fr\/wp-json\/wp\/v2\/pages\/2758","targetHints":{"allow":["GET"]}}],"collection":[{"href":"https:\/\/fixpointcompany.com\/fr\/wp-json\/wp\/v2\/pages"}],"about":[{"href":"https:\/\/fixpointcompany.com\/fr\/wp-json\/wp\/v2\/types\/page"}],"author":[{"embeddable":true,"href":"https:\/\/fixpointcompany.com\/fr\/wp-json\/wp\/v2\/users\/1"}],"replies":[{"embeddable":true,"href":"https:\/\/fixpointcompany.com\/fr\/wp-json\/wp\/v2\/comments?post=2758"}],"version-history":[{"count":90,"href":"https:\/\/fixpointcompany.com\/fr\/wp-json\/wp\/v2\/pages\/2758\/revisions"}],"predecessor-version":[{"id":10524,"href":"https:\/\/fixpointcompany.com\/fr\/wp-json\/wp\/v2\/pages\/2758\/revisions\/10524"}],"wp:attachment":[{"href":"https:\/\/fixpointcompany.com\/fr\/wp-json\/wp\/v2\/media?parent=2758"}],"curies":[{"name":"wp","href":"https:\/\/api.w.org\/{rel}","templated":true}]}}