{"id":10633,"date":"2026-01-18T14:46:03","date_gmt":"2026-01-18T14:46:03","guid":{"rendered":"https:\/\/fixpointcompany.com\/?page_id=10633"},"modified":"2026-01-26T06:35:23","modified_gmt":"2026-01-26T06:35:23","slug":"luc-degassart","status":"publish","type":"page","link":"https:\/\/fixpointcompany.com\/fr\/luc-degassart\/","title":{"rendered":"Luc Degassart"},"content":{"rendered":"<div data-elementor-type=\"wp-page\" data-elementor-id=\"10633\" class=\"elementor elementor-10633\">\n\t\t\t\t<div class=\"elementor-element elementor-element-c8ed93b e-flex e-con-boxed wpr-particle-no wpr-jarallax-no wpr-parallax-no wpr-sticky-section-no wpr-equal-height-no qodef-elementor-content-no e-con e-parent\" data-id=\"c8ed93b\" data-element_type=\"container\" data-e-type=\"container\">\n\t\t\t\t\t<div class=\"e-con-inner\">\n\t\t<div class=\"elementor-element elementor-element-15e80e7 e-con-full e-flex wpr-particle-no wpr-jarallax-no wpr-parallax-no wpr-sticky-section-no wpr-equal-height-no qodef-elementor-content-no e-con e-child\" data-id=\"15e80e7\" data-element_type=\"container\" data-e-type=\"container\">\n\t\t\t\t<div class=\"elementor-element elementor-element-733d613 elementor-widget elementor-widget-image\" data-id=\"733d613\" data-element_type=\"widget\" data-e-type=\"widget\" data-widget_type=\"image.default\">\n\t\t\t\t\t\t\t\t\t\t\t\t\t\t\t<img fetchpriority=\"high\" decoding=\"async\" width=\"720\" height=\"720\" src=\"https:\/\/fixpointcompany.com\/wp-content\/uploads\/2026\/01\/Untitled-design-1-1.png\" class=\"attachment-large size-large wp-image-9980\" alt=\"\" srcset=\"https:\/\/fixpointcompany.com\/wp-content\/uploads\/2026\/01\/Untitled-design-1-1.png 720w, https:\/\/fixpointcompany.com\/wp-content\/uploads\/2026\/01\/Untitled-design-1-1-300x300.png 300w, https:\/\/fixpointcompany.com\/wp-content\/uploads\/2026\/01\/Untitled-design-1-1-150x150.png 150w, https:\/\/fixpointcompany.com\/wp-content\/uploads\/2026\/01\/Untitled-design-1-1-12x12.png 12w, https:\/\/fixpointcompany.com\/wp-content\/uploads\/2026\/01\/Untitled-design-1-1-650x650.png 650w, https:\/\/fixpointcompany.com\/wp-content\/uploads\/2026\/01\/Untitled-design-1-1-600x600.png 600w, https:\/\/fixpointcompany.com\/wp-content\/uploads\/2026\/01\/Untitled-design-1-1-100x100.png 100w\" sizes=\"(max-width: 720px) 100vw, 720px\" \/>\t\t\t\t\t\t\t\t\t\t\t\t\t\t\t<\/div>\n\t\t\t\t<\/div>\n\t\t<div class=\"elementor-element elementor-element-aa1dd31 e-con-full e-flex wpr-particle-no wpr-jarallax-no wpr-parallax-no wpr-sticky-section-no wpr-equal-height-no qodef-elementor-content-no e-con e-child\" data-id=\"aa1dd31\" data-element_type=\"container\" data-e-type=\"container\">\n\t\t\t\t<div class=\"elementor-element elementor-element-8d53bb7 elementor-widget elementor-widget-heading\" data-id=\"8d53bb7\" data-element_type=\"widget\" data-e-type=\"widget\" data-widget_type=\"heading.default\">\n\t\t\t\t\t<h2 class=\"elementor-heading-title elementor-size-default\">Luc Degassart<\/h2>\t\t\t\t<\/div>\n\t\t\t\t<div class=\"elementor-element elementor-element-96862e1 elementor-widget elementor-widget-text-editor\" data-id=\"96862e1\" data-element_type=\"widget\" data-e-type=\"widget\" data-widget_type=\"text-editor.default\">\n\t\t\t\t\t\t\t\t\t<p>Lighting Designer<\/p>\t\t\t\t\t\t\t\t<\/div>\n\t\t\t\t<div class=\"elementor-element elementor-element-eb92376 elementor-widget elementor-widget-text-editor\" data-id=\"eb92376\" data-element_type=\"widget\" data-e-type=\"widget\" data-widget_type=\"text-editor.default\">\n\t\t\t\t\t\t\t\t\t<p class=\"p1\">With several decades devoted to live performance, his work has focused primarily on contemporary writing. He has recently collaborated with the companies <b>Issue de Secours<\/b>, <b>6\u00e8me Dimension<\/b>, <b>Le Loup-Ange<\/b>, <b>Dell Edutis<\/b>, <b>Th\u00e9\u00e2tre de la Vall\u00e9e<\/b>, <b>Bacchus<\/b>, <b>Petite Lumi\u00e8re<\/b>, <b>Rhodnie D\u00e9sir<\/b>, and <b>Brutaflor<\/b>. In his spare time, he has become a hermit in the Morvan.<\/p>\t\t\t\t\t\t\t\t<\/div>\n\t\t\t\t<\/div>\n\t\t\t\t\t<\/div>\n\t\t\t\t<\/div>\n\t\t\t\t<\/div>","protected":false},"excerpt":{"rendered":"<p>Luc Degassart Lighting Designer With several decades devoted to live performance, his work has focused primarily on contemporary writing. He has recently collaborated with the companies Issue de Secours, 6\u00e8me Dimension, Le Loup-Ange, Dell Edutis, Th\u00e9\u00e2tre de la Vall\u00e9e, Bacchus, Petite Lumi\u00e8re, Rhodnie D\u00e9sir, and Brutaflor. In his spare time, he has become a hermit in the Morvan.<\/p>","protected":false},"author":1,"featured_media":0,"parent":0,"menu_order":0,"comment_status":"closed","ping_status":"closed","template":"elementor_header_footer","meta":{"footnotes":""},"class_list":["post-10633","page","type-page","status-publish","hentry"],"_hostinger_reach_plugin_has_subscription_block":false,"_hostinger_reach_plugin_is_elementor":false,"_links":{"self":[{"href":"https:\/\/fixpointcompany.com\/fr\/wp-json\/wp\/v2\/pages\/10633","targetHints":{"allow":["GET"]}}],"collection":[{"href":"https:\/\/fixpointcompany.com\/fr\/wp-json\/wp\/v2\/pages"}],"about":[{"href":"https:\/\/fixpointcompany.com\/fr\/wp-json\/wp\/v2\/types\/page"}],"author":[{"embeddable":true,"href":"https:\/\/fixpointcompany.com\/fr\/wp-json\/wp\/v2\/users\/1"}],"replies":[{"embeddable":true,"href":"https:\/\/fixpointcompany.com\/fr\/wp-json\/wp\/v2\/comments?post=10633"}],"version-history":[{"count":7,"href":"https:\/\/fixpointcompany.com\/fr\/wp-json\/wp\/v2\/pages\/10633\/revisions"}],"predecessor-version":[{"id":10801,"href":"https:\/\/fixpointcompany.com\/fr\/wp-json\/wp\/v2\/pages\/10633\/revisions\/10801"}],"wp:attachment":[{"href":"https:\/\/fixpointcompany.com\/fr\/wp-json\/wp\/v2\/media?parent=10633"}],"curies":[{"name":"wp","href":"https:\/\/api.w.org\/{rel}","templated":true}]}}