{"id":10631,"date":"2026-01-18T14:43:50","date_gmt":"2026-01-18T14:43:50","guid":{"rendered":"https:\/\/fixpointcompany.com\/?page_id=10631"},"modified":"2026-01-26T06:33:03","modified_gmt":"2026-01-26T06:33:03","slug":"lou-pfaffman","status":"publish","type":"page","link":"https:\/\/fixpointcompany.com\/fr\/lou-pfaffman\/","title":{"rendered":"Lou Pfaffman"},"content":{"rendered":"<div data-elementor-type=\"wp-page\" data-elementor-id=\"10631\" class=\"elementor elementor-10631\">\n\t\t\t\t<div class=\"elementor-element elementor-element-c8ed93b e-flex e-con-boxed wpr-particle-no wpr-jarallax-no wpr-parallax-no wpr-sticky-section-no wpr-equal-height-no qodef-elementor-content-no e-con e-parent\" data-id=\"c8ed93b\" data-element_type=\"container\" data-e-type=\"container\">\n\t\t\t\t\t<div class=\"e-con-inner\">\n\t\t<div class=\"elementor-element elementor-element-15e80e7 e-con-full e-flex wpr-particle-no wpr-jarallax-no wpr-parallax-no wpr-sticky-section-no wpr-equal-height-no qodef-elementor-content-no e-con e-child\" data-id=\"15e80e7\" data-element_type=\"container\" data-e-type=\"container\">\n\t\t\t\t<div class=\"elementor-element elementor-element-733d613 elementor-widget elementor-widget-image\" data-id=\"733d613\" data-element_type=\"widget\" data-e-type=\"widget\" data-widget_type=\"image.default\">\n\t\t\t\t\t\t\t\t\t\t\t\t\t\t\t<img fetchpriority=\"high\" decoding=\"async\" width=\"1016\" height=\"1024\" src=\"https:\/\/fixpointcompany.com\/wp-content\/uploads\/2026\/01\/450309917_1521757681751861_6842474831133607203_n-2-1016x1024.jpg\" class=\"attachment-large size-large wp-image-10456\" alt=\"\" srcset=\"https:\/\/fixpointcompany.com\/wp-content\/uploads\/2026\/01\/450309917_1521757681751861_6842474831133607203_n-2-1016x1024.jpg 1016w, https:\/\/fixpointcompany.com\/wp-content\/uploads\/2026\/01\/450309917_1521757681751861_6842474831133607203_n-2-298x300.jpg 298w, https:\/\/fixpointcompany.com\/wp-content\/uploads\/2026\/01\/450309917_1521757681751861_6842474831133607203_n-2-150x150.jpg 150w, https:\/\/fixpointcompany.com\/wp-content\/uploads\/2026\/01\/450309917_1521757681751861_6842474831133607203_n-2-768x774.jpg 768w, https:\/\/fixpointcompany.com\/wp-content\/uploads\/2026\/01\/450309917_1521757681751861_6842474831133607203_n-2-12x12.jpg 12w, https:\/\/fixpointcompany.com\/wp-content\/uploads\/2026\/01\/450309917_1521757681751861_6842474831133607203_n-2-600x605.jpg 600w, https:\/\/fixpointcompany.com\/wp-content\/uploads\/2026\/01\/450309917_1521757681751861_6842474831133607203_n-2-100x100.jpg 100w, https:\/\/fixpointcompany.com\/wp-content\/uploads\/2026\/01\/450309917_1521757681751861_6842474831133607203_n-2.jpg 1056w\" sizes=\"(max-width: 1016px) 100vw, 1016px\" \/>\t\t\t\t\t\t\t\t\t\t\t\t\t\t\t<\/div>\n\t\t\t\t<\/div>\n\t\t<div class=\"elementor-element elementor-element-aa1dd31 e-con-full e-flex wpr-particle-no wpr-jarallax-no wpr-parallax-no wpr-sticky-section-no wpr-equal-height-no qodef-elementor-content-no e-con e-child\" data-id=\"aa1dd31\" data-element_type=\"container\" data-e-type=\"container\">\n\t\t\t\t<div class=\"elementor-element elementor-element-8d53bb7 elementor-widget elementor-widget-heading\" data-id=\"8d53bb7\" data-element_type=\"widget\" data-e-type=\"widget\" data-widget_type=\"heading.default\">\n\t\t\t\t\t<h2 class=\"elementor-heading-title elementor-size-default\">Lou Pfaffman<\/h2>\t\t\t\t<\/div>\n\t\t\t\t<div class=\"elementor-element elementor-element-96862e1 elementor-widget elementor-widget-text-editor\" data-id=\"96862e1\" data-element_type=\"widget\" data-e-type=\"widget\" data-widget_type=\"text-editor.default\">\n\t\t\t\t\t\t\t\t\t<p>Props Designer<\/p>\t\t\t\t\t\t\t\t<\/div>\n\t\t\t\t<div class=\"elementor-element elementor-element-eb92376 elementor-widget elementor-widget-text-editor\" data-id=\"eb92376\" data-element_type=\"widget\" data-e-type=\"widget\" data-widget_type=\"text-editor.default\">\n\t\t\t\t\t\t\t\t\t<p class=\"p1\">Lou Pfatfmann studied at the Lyc\u00e9e Th\u00e9\u00e2tre Victor Hugo in Paris. In 2009, she travelled to Africa with the company <b>Le Th\u00e9\u00e2tre du Peuple Li\u00e9<\/b>, where she became the costume and set designer for their productions. In 2010, while still working with the company, she created 18th-century costumes using African fabrics for Moli\u00e8re\u2019s <i>Le Malade imaginaire<\/i>.<\/p><p class=\"p1\">That same year, she collaborated with the collective <b>Moments Donn\u00e9s<\/b> on the pantomime project <i>Sole Via<\/i>. In 2011, she pursued studies in scenography at the \u00c9cole des Beaux-Arts in Naples. There, she worked with the company <b>Asylum Anteatro<\/b> on costumes for their productions <i>Fietne il Auto<\/i> and the performance <i>La Goriata delle Donne<\/i>.<\/p><p class=\"p1\">In 2015\u20132016, she designed all the sets and costumes for <i>Ici les aubes sont plus douces<\/i>, directed by <b>Le Th\u00e9\u00e2tre du Peuple Li\u00e9<\/b>. Since 2018, she has been working at the Op\u00e9ra Bastille as a props designer.<\/p>\t\t\t\t\t\t\t\t<\/div>\n\t\t\t\t<\/div>\n\t\t\t\t\t<\/div>\n\t\t\t\t<\/div>\n\t\t\t\t<\/div>","protected":false},"excerpt":{"rendered":"<p>Lou Pfaffman Props Designer Lou Pfatfmann studied at the Lyc\u00e9e Th\u00e9\u00e2tre Victor Hugo in Paris. In 2009, she travelled to Africa with the company Le Th\u00e9\u00e2tre du Peuple Li\u00e9, where she became the costume and set designer for their productions. In 2010, while still working with the company, she created 18th-century costumes using African fabrics for Moli\u00e8re\u2019s Le Malade imaginaire. That same year, she collaborated with the collective Moments Donn\u00e9s on the pantomime project Sole Via. In 2011, she pursued studies in scenography at the \u00c9cole des Beaux-Arts in Naples. There, she worked with the company Asylum Anteatro on costumes for their productions Fietne il Auto and the performance La Goriata delle Donne. In 2015\u20132016, she designed all the sets and costumes for Ici les aubes sont plus douces, directed by Le Th\u00e9\u00e2tre du Peuple Li\u00e9. Since 2018, she has been working at the Op\u00e9ra Bastille as a props designer.<\/p>","protected":false},"author":1,"featured_media":0,"parent":0,"menu_order":0,"comment_status":"closed","ping_status":"closed","template":"elementor_header_footer","meta":{"footnotes":""},"class_list":["post-10631","page","type-page","status-publish","hentry"],"_hostinger_reach_plugin_has_subscription_block":false,"_hostinger_reach_plugin_is_elementor":false,"_links":{"self":[{"href":"https:\/\/fixpointcompany.com\/fr\/wp-json\/wp\/v2\/pages\/10631","targetHints":{"allow":["GET"]}}],"collection":[{"href":"https:\/\/fixpointcompany.com\/fr\/wp-json\/wp\/v2\/pages"}],"about":[{"href":"https:\/\/fixpointcompany.com\/fr\/wp-json\/wp\/v2\/types\/page"}],"author":[{"embeddable":true,"href":"https:\/\/fixpointcompany.com\/fr\/wp-json\/wp\/v2\/users\/1"}],"replies":[{"embeddable":true,"href":"https:\/\/fixpointcompany.com\/fr\/wp-json\/wp\/v2\/comments?post=10631"}],"version-history":[{"count":10,"href":"https:\/\/fixpointcompany.com\/fr\/wp-json\/wp\/v2\/pages\/10631\/revisions"}],"predecessor-version":[{"id":10798,"href":"https:\/\/fixpointcompany.com\/fr\/wp-json\/wp\/v2\/pages\/10631\/revisions\/10798"}],"wp:attachment":[{"href":"https:\/\/fixpointcompany.com\/fr\/wp-json\/wp\/v2\/media?parent=10631"}],"curies":[{"name":"wp","href":"https:\/\/api.w.org\/{rel}","templated":true}]}}