{"id":10614,"date":"2026-01-18T14:38:18","date_gmt":"2026-01-18T14:38:18","guid":{"rendered":"https:\/\/fixpointcompany.com\/?page_id=10614"},"modified":"2026-01-18T14:42:46","modified_gmt":"2026-01-18T14:42:46","slug":"loic-braunstein","status":"publish","type":"page","link":"https:\/\/fixpointcompany.com\/fr\/loic-braunstein\/","title":{"rendered":"Lo\u00efc Braunstein"},"content":{"rendered":"<div data-elementor-type=\"wp-page\" data-elementor-id=\"10614\" class=\"elementor elementor-10614\">\n\t\t\t\t<div class=\"elementor-element elementor-element-c8ed93b e-flex e-con-boxed wpr-particle-no wpr-jarallax-no wpr-parallax-no wpr-sticky-section-no wpr-equal-height-no qodef-elementor-content-no e-con e-parent\" data-id=\"c8ed93b\" data-element_type=\"container\" data-e-type=\"container\">\n\t\t\t\t\t<div class=\"e-con-inner\">\n\t\t<div class=\"elementor-element elementor-element-15e80e7 e-con-full e-flex wpr-particle-no wpr-jarallax-no wpr-parallax-no wpr-sticky-section-no wpr-equal-height-no qodef-elementor-content-no e-con e-child\" data-id=\"15e80e7\" data-element_type=\"container\" data-e-type=\"container\">\n\t\t\t\t<div class=\"elementor-element elementor-element-733d613 elementor-widget elementor-widget-image\" data-id=\"733d613\" data-element_type=\"widget\" data-e-type=\"widget\" data-widget_type=\"image.default\">\n\t\t\t\t\t\t\t\t\t\t\t\t\t\t\t<img fetchpriority=\"high\" decoding=\"async\" width=\"306\" height=\"346\" src=\"https:\/\/fixpointcompany.com\/wp-content\/uploads\/2026\/01\/wmremove-transformed.png\" class=\"attachment-large size-large wp-image-10552\" alt=\"\" srcset=\"https:\/\/fixpointcompany.com\/wp-content\/uploads\/2026\/01\/wmremove-transformed.png 306w, https:\/\/fixpointcompany.com\/wp-content\/uploads\/2026\/01\/wmremove-transformed-265x300.png 265w, https:\/\/fixpointcompany.com\/wp-content\/uploads\/2026\/01\/wmremove-transformed-11x12.png 11w\" sizes=\"(max-width: 306px) 100vw, 306px\" \/>\t\t\t\t\t\t\t\t\t\t\t\t\t\t\t<\/div>\n\t\t\t\t<\/div>\n\t\t<div class=\"elementor-element elementor-element-aa1dd31 e-con-full e-flex wpr-particle-no wpr-jarallax-no wpr-parallax-no wpr-sticky-section-no wpr-equal-height-no qodef-elementor-content-no e-con e-child\" data-id=\"aa1dd31\" data-element_type=\"container\" data-e-type=\"container\">\n\t\t\t\t<div class=\"elementor-element elementor-element-8d53bb7 elementor-widget elementor-widget-heading\" data-id=\"8d53bb7\" data-element_type=\"widget\" data-e-type=\"widget\" data-widget_type=\"heading.default\">\n\t\t\t\t\t<h2 class=\"elementor-heading-title elementor-size-default\">Lo\u00efc Braunstein\n<\/h2>\t\t\t\t<\/div>\n\t\t\t\t<div class=\"elementor-element elementor-element-96862e1 elementor-widget elementor-widget-text-editor\" data-id=\"96862e1\" data-element_type=\"widget\" data-e-type=\"widget\" data-widget_type=\"text-editor.default\">\n\t\t\t\t\t\t\t\t\t<p>Dramaturge, Writer<\/p>\t\t\t\t\t\t\t\t<\/div>\n\t\t\t\t<div class=\"elementor-element elementor-element-eb92376 elementor-widget elementor-widget-text-editor\" data-id=\"eb92376\" data-element_type=\"widget\" data-e-type=\"widget\" data-widget_type=\"text-editor.default\">\n\t\t\t\t\t\t\t\t\tLoic Braunstein has been writing and publishing poetry, short\nstories, and essays for about ten years in the magazine A Verse as\nwell as in the first issue of Place de la Sorbonne, a prestigious\nreference journal dedicated to authors who are not yet deceased.\nHe has been active in the Lille slam scene since the early days of the\nmovement in France and hosts open mic nights at Zem-Th\u00e9\u00e4tre, just |\nsteps away from his favorite caf\u00e9. In 2003, he founded the\nassociation ke Sey&#8217;Obligue, dedicated to using writing as an\nunconventional exploration tool. His experience spans from schools\nto festivals, from training social workers at the P.J.J. to the Brive\nBook Fair, including a one-month residency at \u00c9ditions du Diable\nVauvert.\t\t\t\t\t\t\t\t<\/div>\n\t\t\t\t<\/div>\n\t\t\t\t\t<\/div>\n\t\t\t\t<\/div>\n\t\t\t\t<\/div>","protected":false},"excerpt":{"rendered":"<p>Lo\u00efc Braunstein Dramaturge, Writer Loic Braunstein has been writing and publishing poetry, short stories, and essays for about ten years in the magazine A Verse as well as in the first issue of Place de la Sorbonne, a prestigious reference journal dedicated to authors who are not yet deceased. He has been active in the Lille slam scene since the early days of the movement in France and hosts open mic nights at Zem-Th\u00e9\u00e4tre, just | steps away from his favorite caf\u00e9. In 2003, he founded the association ke Sey&#8217;Obligue, dedicated to using writing as an unconventional exploration tool. His experience spans from schools to festivals, from training social workers at the P.J.J. to the Brive Book Fair, including a one-month residency at \u00c9ditions du Diable Vauvert.<\/p>","protected":false},"author":1,"featured_media":0,"parent":0,"menu_order":0,"comment_status":"closed","ping_status":"closed","template":"elementor_header_footer","meta":{"footnotes":""},"class_list":["post-10614","page","type-page","status-publish","hentry"],"_hostinger_reach_plugin_has_subscription_block":false,"_hostinger_reach_plugin_is_elementor":false,"_links":{"self":[{"href":"https:\/\/fixpointcompany.com\/fr\/wp-json\/wp\/v2\/pages\/10614","targetHints":{"allow":["GET"]}}],"collection":[{"href":"https:\/\/fixpointcompany.com\/fr\/wp-json\/wp\/v2\/pages"}],"about":[{"href":"https:\/\/fixpointcompany.com\/fr\/wp-json\/wp\/v2\/types\/page"}],"author":[{"embeddable":true,"href":"https:\/\/fixpointcompany.com\/fr\/wp-json\/wp\/v2\/users\/1"}],"replies":[{"embeddable":true,"href":"https:\/\/fixpointcompany.com\/fr\/wp-json\/wp\/v2\/comments?post=10614"}],"version-history":[{"count":4,"href":"https:\/\/fixpointcompany.com\/fr\/wp-json\/wp\/v2\/pages\/10614\/revisions"}],"predecessor-version":[{"id":10627,"href":"https:\/\/fixpointcompany.com\/fr\/wp-json\/wp\/v2\/pages\/10614\/revisions\/10627"}],"wp:attachment":[{"href":"https:\/\/fixpointcompany.com\/fr\/wp-json\/wp\/v2\/media?parent=10614"}],"curies":[{"name":"wp","href":"https:\/\/api.w.org\/{rel}","templated":true}]}}