{"id":10606,"date":"2026-01-18T14:35:31","date_gmt":"2026-01-18T14:35:31","guid":{"rendered":"https:\/\/fixpointcompany.com\/?page_id=10606"},"modified":"2026-01-26T06:31:14","modified_gmt":"2026-01-26T06:31:14","slug":"eleonore-nheil","status":"publish","type":"page","link":"https:\/\/fixpointcompany.com\/fr\/eleonore-nheil\/","title":{"rendered":"\u00c8l\u00e8onore Nheil"},"content":{"rendered":"<div data-elementor-type=\"wp-page\" data-elementor-id=\"10606\" class=\"elementor elementor-10606\">\n\t\t\t\t<div class=\"elementor-element elementor-element-c8ed93b e-flex e-con-boxed wpr-particle-no wpr-jarallax-no wpr-parallax-no wpr-sticky-section-no wpr-equal-height-no qodef-elementor-content-no e-con e-parent\" data-id=\"c8ed93b\" data-element_type=\"container\" data-e-type=\"container\">\n\t\t\t\t\t<div class=\"e-con-inner\">\n\t\t<div class=\"elementor-element elementor-element-15e80e7 e-con-full e-flex wpr-particle-no wpr-jarallax-no wpr-parallax-no wpr-sticky-section-no wpr-equal-height-no qodef-elementor-content-no e-con e-child\" data-id=\"15e80e7\" data-element_type=\"container\" data-e-type=\"container\">\n\t\t\t\t<div class=\"elementor-element elementor-element-733d613 elementor-widget elementor-widget-image\" data-id=\"733d613\" data-element_type=\"widget\" data-e-type=\"widget\" data-widget_type=\"image.default\">\n\t\t\t\t\t\t\t\t\t\t\t\t\t\t\t<img fetchpriority=\"high\" decoding=\"async\" width=\"1024\" height=\"1024\" src=\"https:\/\/fixpointcompany.com\/wp-content\/uploads\/2026\/01\/48969769_10215672106374789_5408011588336615424_n-1-1024x1024.jpg\" class=\"attachment-large size-large wp-image-10444\" alt=\"\" srcset=\"https:\/\/fixpointcompany.com\/wp-content\/uploads\/2026\/01\/48969769_10215672106374789_5408011588336615424_n-1-1024x1024.jpg 1024w, https:\/\/fixpointcompany.com\/wp-content\/uploads\/2026\/01\/48969769_10215672106374789_5408011588336615424_n-1-300x300.jpg 300w, https:\/\/fixpointcompany.com\/wp-content\/uploads\/2026\/01\/48969769_10215672106374789_5408011588336615424_n-1-150x150.jpg 150w, https:\/\/fixpointcompany.com\/wp-content\/uploads\/2026\/01\/48969769_10215672106374789_5408011588336615424_n-1-768x768.jpg 768w, https:\/\/fixpointcompany.com\/wp-content\/uploads\/2026\/01\/48969769_10215672106374789_5408011588336615424_n-1-12x12.jpg 12w, https:\/\/fixpointcompany.com\/wp-content\/uploads\/2026\/01\/48969769_10215672106374789_5408011588336615424_n-1-650x650.jpg 650w, https:\/\/fixpointcompany.com\/wp-content\/uploads\/2026\/01\/48969769_10215672106374789_5408011588336615424_n-1-600x600.jpg 600w, https:\/\/fixpointcompany.com\/wp-content\/uploads\/2026\/01\/48969769_10215672106374789_5408011588336615424_n-1-100x100.jpg 100w, https:\/\/fixpointcompany.com\/wp-content\/uploads\/2026\/01\/48969769_10215672106374789_5408011588336615424_n-1.jpg 1200w\" sizes=\"(max-width: 1024px) 100vw, 1024px\" \/>\t\t\t\t\t\t\t\t\t\t\t\t\t\t\t<\/div>\n\t\t\t\t<\/div>\n\t\t<div class=\"elementor-element elementor-element-aa1dd31 e-con-full e-flex wpr-particle-no wpr-jarallax-no wpr-parallax-no wpr-sticky-section-no wpr-equal-height-no qodef-elementor-content-no e-con e-child\" data-id=\"aa1dd31\" data-element_type=\"container\" data-e-type=\"container\">\n\t\t\t\t<div class=\"elementor-element elementor-element-8d53bb7 elementor-widget elementor-widget-heading\" data-id=\"8d53bb7\" data-element_type=\"widget\" data-e-type=\"widget\" data-widget_type=\"heading.default\">\n\t\t\t\t\t<h2 class=\"elementor-heading-title elementor-size-default\">\u00c8l\u00e8onore Nheil<\/h2>\t\t\t\t<\/div>\n\t\t\t\t<div class=\"elementor-element elementor-element-96862e1 elementor-widget elementor-widget-text-editor\" data-id=\"96862e1\" data-element_type=\"widget\" data-e-type=\"widget\" data-widget_type=\"text-editor.default\">\n\t\t\t\t\t\t\t\t\t<p>Costume Designer<\/p>\t\t\t\t\t\t\t\t<\/div>\n\t\t\t\t<div class=\"elementor-element elementor-element-eb92376 elementor-widget elementor-widget-text-editor\" data-id=\"eb92376\" data-element_type=\"widget\" data-e-type=\"widget\" data-widget_type=\"text-editor.default\">\n\t\t\t\t\t\t\t\t\t<p class=\"p1\">After obtaining her diploma in costume design from <b>La Martini\u00e8re\u2013Diderot<\/b> in Lyon in 2016, she joined the workshop at the Op\u00e9ra Bastille for a six-month professional contract. Since then, she has continued to work regularly on opera productions, as well as on a diverse range of other projects, including theatre, film, video games, circus, and dance. She favours more artistic projects.<\/p><p class=\"p1\">Recently, she has trained in accessory-making techniques at <b>CFPTS<\/b> in Bagnolet and in leather mask making with <b>Stefano Perocco di Meduna<\/b>.<\/p>\t\t\t\t\t\t\t\t<\/div>\n\t\t\t\t<\/div>\n\t\t\t\t\t<\/div>\n\t\t\t\t<\/div>\n\t\t\t\t<\/div>","protected":false},"excerpt":{"rendered":"<p>\u00c8l\u00e8onore Nheil Costume Designer After obtaining her diploma in costume design from La Martini\u00e8re\u2013Diderot in Lyon in 2016, she joined the workshop at the Op\u00e9ra Bastille for a six-month professional contract. Since then, she has continued to work regularly on opera productions, as well as on a diverse range of other projects, including theatre, film, video games, circus, and dance. She favours more artistic projects. Recently, she has trained in accessory-making techniques at CFPTS in Bagnolet and in leather mask making with Stefano Perocco di Meduna.<\/p>","protected":false},"author":1,"featured_media":0,"parent":0,"menu_order":0,"comment_status":"closed","ping_status":"closed","template":"elementor_header_footer","meta":{"footnotes":""},"class_list":["post-10606","page","type-page","status-publish","hentry"],"_hostinger_reach_plugin_has_subscription_block":false,"_hostinger_reach_plugin_is_elementor":false,"_links":{"self":[{"href":"https:\/\/fixpointcompany.com\/fr\/wp-json\/wp\/v2\/pages\/10606","targetHints":{"allow":["GET"]}}],"collection":[{"href":"https:\/\/fixpointcompany.com\/fr\/wp-json\/wp\/v2\/pages"}],"about":[{"href":"https:\/\/fixpointcompany.com\/fr\/wp-json\/wp\/v2\/types\/page"}],"author":[{"embeddable":true,"href":"https:\/\/fixpointcompany.com\/fr\/wp-json\/wp\/v2\/users\/1"}],"replies":[{"embeddable":true,"href":"https:\/\/fixpointcompany.com\/fr\/wp-json\/wp\/v2\/comments?post=10606"}],"version-history":[{"count":7,"href":"https:\/\/fixpointcompany.com\/fr\/wp-json\/wp\/v2\/pages\/10606\/revisions"}],"predecessor-version":[{"id":10792,"href":"https:\/\/fixpointcompany.com\/fr\/wp-json\/wp\/v2\/pages\/10606\/revisions\/10792"}],"wp:attachment":[{"href":"https:\/\/fixpointcompany.com\/fr\/wp-json\/wp\/v2\/media?parent=10606"}],"curies":[{"name":"wp","href":"https:\/\/api.w.org\/{rel}","templated":true}]}}