{"id":10594,"date":"2026-01-18T14:26:42","date_gmt":"2026-01-18T14:26:42","guid":{"rendered":"https:\/\/fixpointcompany.com\/?page_id=10594"},"modified":"2026-01-26T06:26:56","modified_gmt":"2026-01-26T06:26:56","slug":"nicolas-naudet","status":"publish","type":"page","link":"https:\/\/fixpointcompany.com\/fr\/nicolas-naudet\/","title":{"rendered":"Nicolas Naudet"},"content":{"rendered":"<div data-elementor-type=\"wp-page\" data-elementor-id=\"10594\" class=\"elementor elementor-10594\">\n\t\t\t\t<div class=\"elementor-element elementor-element-c8ed93b e-flex e-con-boxed wpr-particle-no wpr-jarallax-no wpr-parallax-no wpr-sticky-section-no wpr-equal-height-no qodef-elementor-content-no e-con e-parent\" data-id=\"c8ed93b\" data-element_type=\"container\" data-e-type=\"container\">\n\t\t\t\t\t<div class=\"e-con-inner\">\n\t\t<div class=\"elementor-element elementor-element-15e80e7 e-con-full e-flex wpr-particle-no wpr-jarallax-no wpr-parallax-no wpr-sticky-section-no wpr-equal-height-no qodef-elementor-content-no e-con e-child\" data-id=\"15e80e7\" data-element_type=\"container\" data-e-type=\"container\">\n\t\t\t\t<div class=\"elementor-element elementor-element-733d613 elementor-widget elementor-widget-image\" data-id=\"733d613\" data-element_type=\"widget\" data-e-type=\"widget\" data-widget_type=\"image.default\">\n\t\t\t\t\t\t\t\t\t\t\t\t\t\t\t<img fetchpriority=\"high\" decoding=\"async\" width=\"1024\" height=\"1024\" src=\"https:\/\/fixpointcompany.com\/wp-content\/uploads\/2021\/11\/Snapinsta.app_92357693_131650698416486_5099347593059751373_n_1080-1024x1024.jpg\" class=\"attachment-large size-large wp-image-9443\" alt=\"\" srcset=\"https:\/\/fixpointcompany.com\/wp-content\/uploads\/2021\/11\/Snapinsta.app_92357693_131650698416486_5099347593059751373_n_1080-1024x1024.jpg 1024w, https:\/\/fixpointcompany.com\/wp-content\/uploads\/2021\/11\/Snapinsta.app_92357693_131650698416486_5099347593059751373_n_1080-300x300.jpg 300w, https:\/\/fixpointcompany.com\/wp-content\/uploads\/2021\/11\/Snapinsta.app_92357693_131650698416486_5099347593059751373_n_1080-150x150.jpg 150w, https:\/\/fixpointcompany.com\/wp-content\/uploads\/2021\/11\/Snapinsta.app_92357693_131650698416486_5099347593059751373_n_1080-768x768.jpg 768w, https:\/\/fixpointcompany.com\/wp-content\/uploads\/2021\/11\/Snapinsta.app_92357693_131650698416486_5099347593059751373_n_1080-12x12.jpg 12w, https:\/\/fixpointcompany.com\/wp-content\/uploads\/2021\/11\/Snapinsta.app_92357693_131650698416486_5099347593059751373_n_1080-650x650.jpg 650w, https:\/\/fixpointcompany.com\/wp-content\/uploads\/2021\/11\/Snapinsta.app_92357693_131650698416486_5099347593059751373_n_1080-600x600.jpg 600w, https:\/\/fixpointcompany.com\/wp-content\/uploads\/2021\/11\/Snapinsta.app_92357693_131650698416486_5099347593059751373_n_1080-100x100.jpg 100w, https:\/\/fixpointcompany.com\/wp-content\/uploads\/2021\/11\/Snapinsta.app_92357693_131650698416486_5099347593059751373_n_1080.jpg 1080w\" sizes=\"(max-width: 1024px) 100vw, 1024px\" \/>\t\t\t\t\t\t\t\t\t\t\t\t\t\t\t<\/div>\n\t\t\t\t<\/div>\n\t\t<div class=\"elementor-element elementor-element-aa1dd31 e-con-full e-flex wpr-particle-no wpr-jarallax-no wpr-parallax-no wpr-sticky-section-no wpr-equal-height-no qodef-elementor-content-no e-con e-child\" data-id=\"aa1dd31\" data-element_type=\"container\" data-e-type=\"container\">\n\t\t\t\t<div class=\"elementor-element elementor-element-8d53bb7 elementor-widget elementor-widget-heading\" data-id=\"8d53bb7\" data-element_type=\"widget\" data-e-type=\"widget\" data-widget_type=\"heading.default\">\n\t\t\t\t\t<h2 class=\"elementor-heading-title elementor-size-default\">Nicolas Naudet<\/h2>\t\t\t\t<\/div>\n\t\t\t\t<div class=\"elementor-element elementor-element-96862e1 elementor-widget elementor-widget-text-editor\" data-id=\"96862e1\" data-element_type=\"widget\" data-e-type=\"widget\" data-widget_type=\"text-editor.default\">\n\t\t\t\t\t\t\t\t\t<p>Musician<\/p>\t\t\t\t\t\t\t\t<\/div>\n\t\t\t\t<div class=\"elementor-element elementor-element-eb92376 elementor-widget__width-inherit elementor-widget elementor-widget-text-editor\" data-id=\"eb92376\" data-element_type=\"widget\" data-e-type=\"widget\" data-widget_type=\"text-editor.default\">\n\t\t\t\t\t\t\t\t\t<p class=\"p1\">After studying at the conservatories of \u00c9vry (clarinet prize) and Montreuil (jazz prize), he turned to improvised and contemporary music. He studied with Malo Valois, Denis Colin, and Sylvain Kassap, and composition with Bertrand Chapelier and Jean Gobinet.<\/p><p class=\"p1\">He composes and performs on clarinet, bass clarinet, baritone saxophone, diatonic harmonica, voice, and cigar box guitar.<\/p><p class=\"p1\">Today, Nicolas Naudet is a musician, singer, actor, and composer. He applies his diverse skills to theatre, street performance, and contemporary music with numerous companies, including: <b>Th\u00e9\u00e2tre du Fr\u00eane<\/b> (<i>Dom Juan<\/i>), <b>Com\u00e9dien et Compagnie<\/b> (<i>La Jalousie du Barbouill\u00e9<\/i>, <i>Courbes Exquises<\/i>, <i>La Fl\u00fbte Enchant\u00e9e<\/i>), <b>La Compagnie de la Courte \u00c9chelle<\/b> (<i>Vis au long de la vie<\/i>), <b>Z\u00e9firo Th\u00e9\u00e2tre<\/b> (<i>Candide<\/i>), <b>Th\u00e9\u00e2tre Ouranos<\/b> (<i>La Famille T\u00f4t<\/i>, <i>Hilda<\/i>), <b>La Compagnie TAIM<\/b> (<i>La Bo\u00eete \u00e0 M\u00e9losique<\/i>), <b>Compagnie Fixpoint<\/b> (<i>Maheras<\/i>), <b>Bollywood Fanfare<\/b>, <b>Les Experts<\/b>, <b>Doodle Brothers<\/b>, <b>GIRAFE<\/b>, <b>NhoG<\/b>, <b>WE SHOT<\/b> (Compagnie du Discobole), <b>Malo<\/b>, and others<\/p>\t\t\t\t\t\t\t\t<\/div>\n\t\t\t\t<\/div>\n\t\t\t\t\t<\/div>\n\t\t\t\t<\/div>\n\t\t\t\t<\/div>","protected":false},"excerpt":{"rendered":"<p>Nicolas Naudet Musician After studying at the conservatories of \u00c9vry (clarinet prize) and Montreuil (jazz prize), he turned to improvised and contemporary music. He studied with Malo Valois, Denis Colin, and Sylvain Kassap, and composition with Bertrand Chapelier and Jean Gobinet. He composes and performs on clarinet, bass clarinet, baritone saxophone, diatonic harmonica, voice, and cigar box guitar. Today, Nicolas Naudet is a musician, singer, actor, and composer. He applies his diverse skills to theatre, street performance, and contemporary music with numerous companies, including: Th\u00e9\u00e2tre du Fr\u00eane (Dom Juan), Com\u00e9dien et Compagnie (La Jalousie du Barbouill\u00e9, Courbes Exquises, La Fl\u00fbte Enchant\u00e9e), La Compagnie de la Courte \u00c9chelle (Vis au long de la vie), Z\u00e9firo Th\u00e9\u00e2tre (Candide), Th\u00e9\u00e2tre Ouranos (La Famille T\u00f4t, Hilda), La Compagnie TAIM (La Bo\u00eete \u00e0 M\u00e9losique), Compagnie Fixpoint (Maheras), Bollywood Fanfare, Les Experts, Doodle Brothers, GIRAFE, NhoG, WE SHOT (Compagnie du Discobole), Malo, and others<\/p>","protected":false},"author":1,"featured_media":0,"parent":0,"menu_order":0,"comment_status":"closed","ping_status":"closed","template":"elementor_header_footer","meta":{"footnotes":""},"class_list":["post-10594","page","type-page","status-publish","hentry"],"_hostinger_reach_plugin_has_subscription_block":false,"_hostinger_reach_plugin_is_elementor":false,"_links":{"self":[{"href":"https:\/\/fixpointcompany.com\/fr\/wp-json\/wp\/v2\/pages\/10594","targetHints":{"allow":["GET"]}}],"collection":[{"href":"https:\/\/fixpointcompany.com\/fr\/wp-json\/wp\/v2\/pages"}],"about":[{"href":"https:\/\/fixpointcompany.com\/fr\/wp-json\/wp\/v2\/types\/page"}],"author":[{"embeddable":true,"href":"https:\/\/fixpointcompany.com\/fr\/wp-json\/wp\/v2\/users\/1"}],"replies":[{"embeddable":true,"href":"https:\/\/fixpointcompany.com\/fr\/wp-json\/wp\/v2\/comments?post=10594"}],"version-history":[{"count":7,"href":"https:\/\/fixpointcompany.com\/fr\/wp-json\/wp\/v2\/pages\/10594\/revisions"}],"predecessor-version":[{"id":10780,"href":"https:\/\/fixpointcompany.com\/fr\/wp-json\/wp\/v2\/pages\/10594\/revisions\/10780"}],"wp:attachment":[{"href":"https:\/\/fixpointcompany.com\/fr\/wp-json\/wp\/v2\/media?parent=10594"}],"curies":[{"name":"wp","href":"https:\/\/api.w.org\/{rel}","templated":true}]}}