{"id":10566,"date":"2026-01-18T13:52:11","date_gmt":"2026-01-18T13:52:11","guid":{"rendered":"https:\/\/fixpointcompany.com\/?page_id=10566"},"modified":"2026-01-26T06:23:56","modified_gmt":"2026-01-26T06:23:56","slug":"sylvain-blanchard","status":"publish","type":"page","link":"https:\/\/fixpointcompany.com\/fr\/sylvain-blanchard\/","title":{"rendered":"Sylvain Blanchard"},"content":{"rendered":"<div data-elementor-type=\"wp-page\" data-elementor-id=\"10566\" class=\"elementor elementor-10566\">\n\t\t\t\t<div class=\"elementor-element elementor-element-c8ed93b e-flex e-con-boxed wpr-particle-no wpr-jarallax-no wpr-parallax-no wpr-sticky-section-no wpr-equal-height-no qodef-elementor-content-no e-con e-parent\" data-id=\"c8ed93b\" data-element_type=\"container\" data-e-type=\"container\">\n\t\t\t\t\t<div class=\"e-con-inner\">\n\t\t<div class=\"elementor-element elementor-element-15e80e7 e-con-full e-flex wpr-particle-no wpr-jarallax-no wpr-parallax-no wpr-sticky-section-no wpr-equal-height-no qodef-elementor-content-no e-con e-child\" data-id=\"15e80e7\" data-element_type=\"container\" data-e-type=\"container\">\n\t\t\t\t<div class=\"elementor-element elementor-element-733d613 elementor-widget elementor-widget-image\" data-id=\"733d613\" data-element_type=\"widget\" data-e-type=\"widget\" data-widget_type=\"image.default\">\n\t\t\t\t\t\t\t\t\t\t\t\t\t\t\t<img fetchpriority=\"high\" decoding=\"async\" width=\"700\" height=\"685\" src=\"https:\/\/fixpointcompany.com\/wp-content\/uploads\/2021\/11\/Untitled-design-2-3.png\" class=\"attachment-large size-large wp-image-9442\" alt=\"\" srcset=\"https:\/\/fixpointcompany.com\/wp-content\/uploads\/2021\/11\/Untitled-design-2-3.png 700w, https:\/\/fixpointcompany.com\/wp-content\/uploads\/2021\/11\/Untitled-design-2-3-300x294.png 300w, https:\/\/fixpointcompany.com\/wp-content\/uploads\/2021\/11\/Untitled-design-2-3-12x12.png 12w, https:\/\/fixpointcompany.com\/wp-content\/uploads\/2021\/11\/Untitled-design-2-3-600x587.png 600w\" sizes=\"(max-width: 700px) 100vw, 700px\" \/>\t\t\t\t\t\t\t\t\t\t\t\t\t\t\t<\/div>\n\t\t\t\t<\/div>\n\t\t<div class=\"elementor-element elementor-element-aa1dd31 e-con-full e-flex wpr-particle-no wpr-jarallax-no wpr-parallax-no wpr-sticky-section-no wpr-equal-height-no qodef-elementor-content-no e-con e-child\" data-id=\"aa1dd31\" data-element_type=\"container\" data-e-type=\"container\">\n\t\t\t\t<div class=\"elementor-element elementor-element-8d53bb7 elementor-widget elementor-widget-heading\" data-id=\"8d53bb7\" data-element_type=\"widget\" data-e-type=\"widget\" data-widget_type=\"heading.default\">\n\t\t\t\t\t<h2 class=\"elementor-heading-title elementor-size-default\">Sylvain Blanchard<\/h2>\t\t\t\t<\/div>\n\t\t\t\t<div class=\"elementor-element elementor-element-96862e1 elementor-widget elementor-widget-text-editor\" data-id=\"96862e1\" data-element_type=\"widget\" data-e-type=\"widget\" data-widget_type=\"text-editor.default\">\n\t\t\t\t\t\t\t\t\t<p>Puppeteer, Actor<\/p>\t\t\t\t\t\t\t\t<\/div>\n\t\t\t\t<div class=\"elementor-element elementor-element-eb92376 elementor-widget__width-inherit elementor-widget elementor-widget-text-editor\" data-id=\"eb92376\" data-element_type=\"widget\" data-e-type=\"widget\" data-widget_type=\"text-editor.default\">\n\t\t\t\t\t\t\t\t\t<p class=\"p1\">Born in 1974, Sylvain Blanchard joined the <b>\u00c9cole Jacques Lecoq<\/b> (class of 1997\u20131998). Shortly thereafter, he founded his own company, La Fabrique des Arts d\u2019\u00e0 c\u00f4t\u00e9, and began developing his craft through various creations and performances, championing a theatre of gesture and image.<\/p><p class=\"p1\">At the same time, he collaborated with several theatre groups, including Th\u00e9\u00e2tre de la Jacquerie, Lanicolacheur, Peuplum Cactus, Namco Th\u00e9\u00e2tre, La Compagnie d\u2019apr\u00e8s la Pluie, and La Controverse. He has taken on roles as an actor, puppeteer, director, and technician.<\/p><p class=\"p1\">Since 2012, he has managed <b>Th\u00e9\u00e2tre Th\u00e9nardier<\/b> in Montreuil, a venue that includes apartments, offices, and two theatres\u2014a project he helped build alongside his colleagues.<\/p>\t\t\t\t\t\t\t\t<\/div>\n\t\t\t\t<\/div>\n\t\t\t\t\t<\/div>\n\t\t\t\t<\/div>\n\t\t\t\t<\/div>","protected":false},"excerpt":{"rendered":"<p>Sylvain Blanchard Puppeteer, Actor Born in 1974, Sylvain Blanchard joined the \u00c9cole Jacques Lecoq (class of 1997\u20131998). Shortly thereafter, he founded his own company, La Fabrique des Arts d\u2019\u00e0 c\u00f4t\u00e9, and began developing his craft through various creations and performances, championing a theatre of gesture and image. At the same time, he collaborated with several theatre groups, including Th\u00e9\u00e2tre de la Jacquerie, Lanicolacheur, Peuplum Cactus, Namco Th\u00e9\u00e2tre, La Compagnie d\u2019apr\u00e8s la Pluie, and La Controverse. He has taken on roles as an actor, puppeteer, director, and technician. Since 2012, he has managed Th\u00e9\u00e2tre Th\u00e9nardier in Montreuil, a venue that includes apartments, offices, and two theatres\u2014a project he helped build alongside his colleagues.<\/p>","protected":false},"author":1,"featured_media":0,"parent":0,"menu_order":0,"comment_status":"closed","ping_status":"closed","template":"elementor_header_footer","meta":{"footnotes":""},"class_list":["post-10566","page","type-page","status-publish","hentry"],"_hostinger_reach_plugin_has_subscription_block":false,"_hostinger_reach_plugin_is_elementor":false,"_links":{"self":[{"href":"https:\/\/fixpointcompany.com\/fr\/wp-json\/wp\/v2\/pages\/10566","targetHints":{"allow":["GET"]}}],"collection":[{"href":"https:\/\/fixpointcompany.com\/fr\/wp-json\/wp\/v2\/pages"}],"about":[{"href":"https:\/\/fixpointcompany.com\/fr\/wp-json\/wp\/v2\/types\/page"}],"author":[{"embeddable":true,"href":"https:\/\/fixpointcompany.com\/fr\/wp-json\/wp\/v2\/users\/1"}],"replies":[{"embeddable":true,"href":"https:\/\/fixpointcompany.com\/fr\/wp-json\/wp\/v2\/comments?post=10566"}],"version-history":[{"count":7,"href":"https:\/\/fixpointcompany.com\/fr\/wp-json\/wp\/v2\/pages\/10566\/revisions"}],"predecessor-version":[{"id":10774,"href":"https:\/\/fixpointcompany.com\/fr\/wp-json\/wp\/v2\/pages\/10566\/revisions\/10774"}],"wp:attachment":[{"href":"https:\/\/fixpointcompany.com\/fr\/wp-json\/wp\/v2\/media?parent=10566"}],"curies":[{"name":"wp","href":"https:\/\/api.w.org\/{rel}","templated":true}]}}